{"id":1139,"date":"2021-05-12T14:51:38","date_gmt":"2021-05-12T17:51:38","guid":{"rendered":"https:\/\/icdbr.xyz\/?page_id=1139"},"modified":"2021-08-13T14:14:03","modified_gmt":"2021-08-13T17:14:03","slug":"privacy-policy","status":"publish","type":"page","link":"https:\/\/icdbr.xyz\/index.php\/privacy-policy\/","title":{"rendered":"Pol\u00edtica de Privacidade"},"content":{"rendered":"<div class=\"fusion-fullwidth fullwidth-box fusion-builder-row-1 fusion-flex-container nonhundred-percent-fullwidth non-hundred-percent-height-scrolling\" style=\"background-color: rgba(255,255,255,0);background-position: center center;background-repeat: no-repeat;border-width: 0px 0px 0px 0px;border-color:#eae9e9;border-style:solid;\" ><div class=\"fusion-builder-row fusion-row fusion-flex-align-items-flex-start\" style=\"max-width:104%;margin-left: calc(-4% \/ 2 );margin-right: calc(-4% \/ 2 );\"><div class=\"fusion-layout-column fusion_builder_column fusion-builder-column-0 fusion_builder_column_1_1 1_1 fusion-flex-column\"><div class=\"fusion-column-wrapper fusion-flex-justify-content-flex-start fusion-content-layout-column\" style=\"background-position:left top;background-repeat:no-repeat;-webkit-background-size:cover;-moz-background-size:cover;-o-background-size:cover;background-size:cover;padding: 0px 0px 0px 0px;\"><div class=\"fusion-text fusion-text-1\"><p>[vc_row][vc_column][vc_column_text]<\/p>\n<h2>Pol\u00edtica de Privacidade<\/h2>\n<p style=\"font-size: 16px; font-weight: 400;\">A ICDBR INTELIGENCIA EM CONSULTORIA E DESENVOLVIMENTO BR tem o compromisso de salvaguardar a sua privacidade. Contate-nos em<\/p>\n<p style=\"font-size: 16px; font-weight: 400;\">dpo@icdbr.xyz se voc\u00ea tiver alguma d\u00favida ou problema com rela\u00e7\u00e3o ao uso de seus Dados Pessoais, teremos o prazer em atend\u00ea-lo.<\/p>\n<p style=\"font-size: 16px; font-weight: 400;\">Ao utilizar este site ou \/ e nossos servi\u00e7os, voc\u00ea concorda com o Processamento de seus Dados Pessoais conforme descrito nesta Pol\u00edtica de Privacidade.<\/p>\n<h3>\u00cdndice<\/h3>\n<ol style=\"font-size: 16px; font-weight: 400;\">\n<li><a href=\"#lgpd-definitions\">Defini\u00e7\u00f5es usadas nesta Pol\u00edtica<\/a><\/li>\n<li><a href=\"#lgpd-principles\">Princ\u00edpios da Prote\u00e7\u00e3o de Dados que seguimos<\/a><\/li>\n<li><a href=\"#lgpd-rights\">Que direitos voc\u00ea tem em rela\u00e7\u00e3o aos seus Dados Pessoais<\/a><\/li>\n<li><a href=\"#lgpd-information\">Quais Dados Pessoais n\u00f3s coletamos sobre voc\u00ea<\/a><\/li>\n<li><a href=\"#lgpd-processing\">Como usamos seus Dados Pessoais<\/a><\/li>\n<li><a href=\"#lgpd-sharing\">Quem mais tem acesso aos seus Dados Pessoais<\/a><\/li>\n<li><a href=\"#lgpd-security\">Como protegemos seus dados<\/a><\/li>\n<li><a href=\"#lgpd-cookies\">Informa\u00e7oes sobre Cookies<\/a><\/li>\n<li><a href=\"#lgpd-contact\">Informa\u00e7\u00f5es de contato<\/a><\/li>\n<\/ol>\n<h3 id=\"lgpd-definitions\">Defini\u00e7\u00f5es<\/h3>\n<p style=\"font-size: 16px; font-weight: 400;\"><strong>Dados Pessoais<\/strong> \u2013 qualquer informa\u00e7\u00e3o relativa a uma pessoa f\u00edsica identificada ou identific\u00e1vel.<br \/>\n<strong>Processamento<\/strong> \u2013 qualquer opera\u00e7\u00e3o ou conjunto de opera\u00e7\u00f5es realizadas em Dados Pessoais ou em conjuntos de Dados Pessoais.<br \/>\n<strong>Titular dos Dados<\/strong> &#8211; uma pessoa f\u00edsica cujos dados pessoais est\u00e3o sendo processados.<br \/>\n<strong>Crian\u00e7a<\/strong> &#8211; pessoa f\u00edsica menor de 16 anos.<br \/>\n<strong>N\u00f3s<\/strong> \u2013 ICDBR INTELIGENCIA EM CONSULTORIA E DESENVOLVIMENTO BR<\/p>\n<h3 id=\"lgpd-principles\">Princ\u00edpios de Prote\u00e7\u00e3o de Dados<\/h3>\n<p style=\"font-size: 16px; font-weight: 400;\">Prometemos seguir os seguintes princ\u00edpios de prote\u00e7\u00e3o de dados:<\/p>\n<ul style=\"font-size: 16px; font-weight: 400;\">\n<li>O processamento \u00e9 legal, justo e transparente. Nossas atividades de processamento t\u00eam bases legais. Sempre consideramos seus direitos antes de processar dados pessoais. Forneceremos informa\u00e7\u00f5es sobre o processamento mediante solicita\u00e7\u00e3o.<\/li>\n<li>O processamento \u00e9 limitado ao prop\u00f3sito. Nossas atividades de processamento se adequam \u00e0 finalidade para a qual os dados pessoais foram coletados.<\/li>\n<li>O processamento \u00e9 feito com dados m\u00ednimos. N\u00f3s apenas coletamos e processamos a quantidade m\u00ednima de Dados Pessoais necess\u00e1ria para qualquer finalidade.<\/li>\n<li>O processamento \u00e9 limitado por um per\u00edodo de tempo. N\u00e3o armazenaremos seus dados pessoais por mais tempo do que o necess\u00e1rio.<\/li>\n<li>Faremos o nosso melhor para garantir a precis\u00e3o dos dados.<\/li>\n<li>Faremos o nosso melhor para garantir a integridade e a confidencialidade dos dados.<\/li>\n<\/ul>\n<h3 id=\"lgpd-rights\">Direitos do Titular dos Dados<\/h3>\n<p style=\"font-size: 16px; font-weight: 400;\">O titular dos dados tem os seguintes direitos:<\/p>\n<ol style=\"font-size: 16px; font-weight: 400;\">\n<li>O processamento \u00e9 legal, justo e transparente. Nossas atividades de processamento t\u00eam bases legais. Sempre consideramos seus direitos antes de processar dados pessoais. Forneceremos informa\u00e7\u00f5es sobre o processamento mediante solicita\u00e7\u00e3o.<\/li>\n<li>Direito de acesso &#8211; significa que voc\u00ea tem o direito de acessar os dados coletados de \/ sobre voc\u00ea. Isso inclui seu direito de solicitar e obter uma c\u00f3pia de seus Dados Pessoais coletados.<\/li>\n<li>Direito \u00e0 retifica\u00e7\u00e3o &#8211; significa que voc\u00ea tem o direito de solicitar a retifica\u00e7\u00e3o ou o apagamento de seus Dados Pessoais que estejam imprecisos ou incompletos.<\/li>\n<li>Direito de apagamento &#8211; ou seja, em certas circunst\u00e2ncias, voc\u00ea pode solicitar que seus dados pessoais sejam apagados de nossos registros.<\/li>\n<li>Direito de restringir o processamento &#8211; ou seja, quando certas condi\u00e7\u00f5es se aplicam, voc\u00ea tem o direito de restringir o processamento dos seus dados pessoais.<\/li>\n<li>Direito de se opor ao processamento &#8211; ou seja, em certos casos, voc\u00ea tem o direito de se opor ao processamento de seus dados pessoais, por exemplo, no caso de marketing direto.<\/li>\n<li>Direito de se opor ao processamento automatizado &#8211; significando que voc\u00ea tem o direito de se opor ao processamento automatizado, incluindo cria\u00e7\u00e3o de perfil; e n\u00e3o estar sujeito a uma decis\u00e3o baseada exclusivamente em Processamento automatizado. Este direito pode ser exercido sempre que houver um resultado do perfilhamento que produza efeitos jur\u00eddicos a seu respeito ou que o afetem de forma significativa.<\/li>\n<li>Direito \u00e0 portabilidade dos dados &#8211; voc\u00ea tem o direito de obter seus Dados Pessoais em um formato leg\u00edvel por m\u00e1quina ou, se poss\u00edvel, como uma transfer\u00eancia direta de um Processador para outro.<\/li>\n<li>Direito de apresentar uma reclama\u00e7\u00e3o &#8211; no caso de recusarmos o seu pedido ao abrigo dos Direitos de Acesso, iremos fornecer-lhe uma raz\u00e3o para o explicar. Se voc\u00ea n\u00e3o estiver satisfeito com a forma como sua solicita\u00e7\u00e3o foi tratada, entre em contato conosco.<\/li>\n<li>Direito \u00e0 ajuda de uma autoridade supervisora \u200b\u200b- o que significa que voc\u00ea tem o direito \u00e0 ajuda de uma autoridade supervisora \u200b\u200be o direito a outras solu\u00e7\u00f5es legais, como indeniza\u00e7\u00e3o por danos.<\/li>\n<li>Direito de retirar o consentimento &#8211; voc\u00ea tem o direito de retirar qualquer consentimento dado para o Processamento de seus Dados Pessoais.<\/li>\n<\/ol>\n<h3 id=\"lgpd-information\">Dados que Coletamos<\/h3>\n<p style=\"font-size: 16px; font-weight: 400;\"><b>Informa\u00e7\u00f5es que voc\u00ea nos forneceu<br \/><\/b>Salvamos as informa\u00e7\u00f5es que voc\u00ea nos fornece para que voc\u00ea possa comentar ou realizar outras atividades no site. Essas informa\u00e7\u00f5es incluem, por exemplo, seu nome e endere\u00e7o de e-mail.<\/p>\n<p style=\"font-size: 16px; font-weight: 400;\"><b>Informa\u00e7\u00f5es coletadas automaticamente sobre voc\u00ea<br \/>\n<\/b>Isso inclui informa\u00e7\u00f5es que s\u00e3o armazenadas automaticamente por cookies e outras ferramentas de sess\u00e3o. Por exemplo, as informa\u00e7\u00f5es IP, seu tipo de dispositivo, etc. Essas informa\u00e7\u00f5es s\u00e3o usadas para melhorar a experi\u00eancia do cliente. Quando voc\u00ea usa nossos servi\u00e7os ou consulta o conte\u00fado de nosso site, suas atividades podem ser registradas.<\/p>\n<p style=\"font-size: 16px;\"><span style=\"background-color: rgba(255, 255, 255, 0); color: var(--body_typography-color); font-family: var(--body_typography-font-family); font-style: var(--body_typography-font-style,normal); letter-spacing: var(--body_typography-letter-spacing);\"><b style=\"\">Informa\u00e7\u00e3o Publicamente Dispon\u00edvel<\/b><b><br \/><\/b><\/span><span style=\"font-weight: 400; background-color: rgba(255, 255, 255, 0); color: var(--body_typography-color); font-family: var(--body_typography-font-family); font-style: var(--body_typography-font-style,normal); letter-spacing: var(--body_typography-letter-spacing);\">Podemos coletar informa\u00e7\u00f5es sobre voc\u00ea que est\u00e3o dispon\u00edveis publicamente.<\/span><\/p>\n<h3 id=\"lgpd-processing\">Como Usamos seus Dados Pessoais<\/h3>\n<p style=\"font-size: 16px; font-weight: 400;\">Usamos seus dados pessoais para:<\/p>\n<ul style=\"font-size: 16px; font-weight: 400;\">\n<li>fornecer nosso servi\u00e7o para voc\u00ea. Isso inclui, por exemplo, retornar um contato; fornecer a voc\u00ea outros produtos e servi\u00e7os que voc\u00ea solicitou; fornecer itens promocionais a seu pedido e comunicar-se com voc\u00ea em rela\u00e7\u00e3o a esses produtos e servi\u00e7os; comunicar e interagir com voc\u00ea; e notific\u00e1-lo sobre altera\u00e7\u00f5es em quaisquer servi\u00e7os.<\/li>\n<li>aprimore a experi\u00eancia do cliente;<\/li>\n<li>cumprir uma obriga\u00e7\u00e3o legal ou contratual;<\/li>\n<\/ul>\n<p style=\"font-size: 16px; font-weight: 400;\">Usamos seus dados pessoais por motivos leg\u00edtimos e \/ ou com o seu consentimento.<\/p>\n<p style=\"font-size: 16px; font-weight: 400;\">Com base na celebra\u00e7\u00e3o de um contrato ou cumprimento de obriga\u00e7\u00f5es contratuais, processamos seus dados pessoais para os seguintes fins:<\/p>\n<ul style=\"font-size: 16px; font-weight: 400;\">\n<li>para identificar voc\u00ea;<\/li>\n<li>para fornecer-lhe um servi\u00e7o ou enviar \/ oferecer-lhe um produto;<\/li>\n<\/ul>\n<p style=\"font-size: 16px; font-weight: 400;\">Com base no interesse leg\u00edtimo, processamos seus dados pessoais para os seguintes fins:<\/p>\n<ul style=\"font-size: 16px; font-weight: 400;\">\n<li>para lhe enviar ofertas personalizadas;<\/li>\n<li><span style=\"background-color: rgba(255, 255, 255, 0); color: var(--body_typography-color); font-family: var(--body_typography-font-family); font-style: var(--body_typography-font-style,normal); letter-spacing: var(--body_typography-letter-spacing);\">realizar question\u00e1rios de satisfa\u00e7\u00e3o do cliente;<\/span><\/li>\n<\/ul>\n<p style=\"font-size: 16px; font-weight: 400;\"><span style=\"background-color: rgba(255, 255, 255, 0); color: var(--body_typography-color); font-family: var(--body_typography-font-family); font-style: var(--body_typography-font-style,normal); letter-spacing: var(--body_typography-letter-spacing);\">Com o seu consentimento, processamos seus dados pessoais para os seguintes fins:<\/span><\/p>\n<ul style=\"font-size: 16px; font-weight: 400;\">\n<li>para enviar newsletters e ofertas de campanha;<\/li>\n<li>para outros fins, pedimos o seu consentimento;<\/li>\n<\/ul>\n<p style=\"font-size: 16px; font-weight: 400;\">Processamos seus Dados Pessoais para cumprir obriga\u00e7\u00f5es decorrentes da lei e \/ ou usamos seus Dados Pessoais para op\u00e7\u00f5es previstas em lei. N\u00f3s nos reservamos o direito de tornar an\u00f4nimos os Dados Pessoais coletados e de usar tais dados. Usaremos dados fora do escopo desta Pol\u00edtica apenas quando forem an\u00f4nimos. <\/p>\n<p style=\"font-size: 16px; font-weight: 400;\">Podemos processar seus dados pessoais para finalidades adicionais que n\u00e3o s\u00e3o mencionadas aqui, mas s\u00e3o compat\u00edveis com a finalidade original para a qual os dados foram coletados. Para fazer isso, iremos garantir que:<\/p>\n<ul style=\"font-size: 16px; font-weight: 400;\">\n<li>a liga\u00e7\u00e3o entre finalidades, contexto e natureza dos Dados Pessoais \u00e9 adequada para Processamento posterior;<\/li>\n<li>o processamento posterior n\u00e3o prejudicaria seus interesses;<\/li>\n<li>haver\u00e1 prote\u00e7\u00e3o apropriada para o processamento.<\/li>\n<\/ul>\n<p style=\"font-size: 16px; font-weight: 400;\">Iremos inform\u00e1-lo de qualquer processamento e finalidades adicionais.<\/p>\n<h3 id=\"lgpd-sharing\">Quem mais pode acessar seus dados pessoais<\/h3>\n<p style=\"font-size: 16px; font-weight: 400;\">N\u00e3o compartilhamos seus dados pessoais com estranhos. Os seus dados pessoais s\u00e3o, em alguns casos, fornecidos aos nossos parceiros de confian\u00e7a para tornar poss\u00edvel a presta\u00e7\u00e3o do servi\u00e7o ou para melhorar a experi\u00eancia do cliente.<\/p>\n<p style=\"font-size: 16px; font-weight: 400;\">Trabalhamos apenas com parceiros de processamento que s\u00e3o capazes de garantir um n\u00edvel adequado de prote\u00e7\u00e3o aos seus dados pessoais. Divulgamos seus dados pessoais a terceiros ou funcion\u00e1rios p\u00fablicos quando somos legalmente obrigados a faz\u00ea-lo. Podemos divulgar seus dados pessoais a terceiros se voc\u00ea tiver consentido com isso ou se houver outros fundamentos legais para isso.<\/p>\n<h3 id=\"lgpd-security\">Como Protegemos seus Dados<\/h3>\n<p style=\"font-size: 16px; font-weight: 400;\">Fazemos o poss\u00edvel para manter seus dados pessoais protegidos. Usamos protocolos seguros para comunica\u00e7\u00e3o e transfer\u00eancia de dados (como HTTPS). Usamos anonimiza\u00e7\u00e3o e pseudonimiza\u00e7\u00e3o quando adequado. Monitoramos nossos sistemas em busca de poss\u00edveis vulnerabilidades e ataques.<\/p>\n<p style=\"font-size: 16px; font-weight: 400;\">Mesmo que fa\u00e7amos o nosso melhor, n\u00e3o podemos garantir a seguran\u00e7a das informa\u00e7\u00f5es. No entanto, prometemos notificar as autoridades competentes sobre viola\u00e7\u00f5es de dados. Tamb\u00e9m o notificaremos se houver uma amea\u00e7a aos seus direitos ou interesses. Faremos tudo o que pudermos razoavelmente para evitar viola\u00e7\u00f5es de seguran\u00e7a e para ajudar as autoridades caso ocorram viola\u00e7\u00f5es.<\/p>\n<h3>Crian\u00e7as<\/h3>\n<p style=\"font-size: 16px; font-weight: 400;\">N\u00e3o temos a inten\u00e7\u00e3o de coleta ou coletar intencionalmente informa\u00e7\u00f5es de crian\u00e7as. N\u00e3o temos como alvo crian\u00e7as com nossos servi\u00e7os.<\/p>\n<h3 id=\"lgpd-cookies\">Cookies e Outras Tecnologias que Usamos<\/h3>\n<p style=\"font-size: 16px; font-weight: 400;\">Usamos cookies e \/ ou tecnologias semelhantes para analisar o comportamento do cliente, administrar o site, rastrear os movimentos dos usu\u00e1rios e coletar informa\u00e7\u00f5es sobre os usu\u00e1rios. Isso \u00e9 feito para personalizar e aprimorar sua experi\u00eancia conosco.<\/p>\n<p style=\"font-size: 16px; font-weight: 400;\">Um cookie \u00e9 um pequeno arquivo de texto armazenado em seu computador. Os cookies armazenam informa\u00e7\u00f5es que s\u00e3o usadas para ajudar a fazer os sites funcionarem. Somente n\u00f3s podemos acessar os cookies criados pelo nosso site. Voc\u00ea pode controlar seus cookies no n\u00edvel do navegador. Optar por desativar os cookies pode dificultar o uso de certas fun\u00e7\u00f5es.<\/p>\n<p style=\"font-size: 16px; font-weight: 400;\"><b>Usamos cookies para os seguintes fins:<\/b><\/p>\n<ul style=\"font-size: 16px; font-weight: 400;\">\n<li>Cookies necess\u00e1rios &#8211; esses cookies s\u00e3o necess\u00e1rios para que voc\u00ea possa usar alguns recursos importantes em nosso site, como o login. Esses cookies n\u00e3o coletam nenhuma informa\u00e7\u00e3o pessoal.<\/li>\n<li>Cookies de funcionalidade &#8211; esses cookies fornecem funcionalidade que torna o uso de nosso servi\u00e7o mais conveniente e possibilita o fornecimento de recursos mais personalizados. Por exemplo, eles podem lembrar seu nome e e-mail em formul\u00e1rios de coment\u00e1rios, para que voc\u00ea n\u00e3o precise inserir essas informa\u00e7\u00f5es novamente na pr\u00f3xima vez que comentar.<\/li>\n<\/ul>\n<p style=\"font-size: 16px; font-weight: 400;\"><span style=\"color: var(--h3_typography-color); font-family: var(--h3_typography-font-family); font-size: var(--h3_typography-font-size); font-style: var(--h3_typography-font-style,normal); font-weight: var(--h3_typography-font-weight); letter-spacing: var(--h3_typography-letter-spacing); background-color: rgba(255, 255, 255, 0);\">Informa\u00e7\u00f5es de Contato<\/span><\/p>\n<p style=\"font-size: 16px; font-weight: 400;\"><strong id=\"lgpd-dpa\">privacidade@icdbr.xyz<\/strong><\/p>\n<h3 id=\"lgpd-changes\">Mudan\u00e7as nesta Pol\u00edtica de Privacidade<\/h3>\n<p style=\"font-size: 16px; font-weight: 400;\">N\u00f3s nos reservamos o direito de fazer altera\u00e7\u00f5es nesta Pol\u00edtica de Privacidade.<br \/>\nA \u00faltima modifica\u00e7\u00e3o foi feita<br \/>13\/08\/2021.<\/p>\n<p>[\/vc_column_text][\/vc_column][\/vc_row]<\/p>\n<\/div><\/div><style type=\"text\/css\">.fusion-body .fusion-builder-column-0{width:100% !important;margin-top : 0px;margin-bottom : 0px;}.fusion-builder-column-0 > .fusion-column-wrapper {padding-top : 0px !important;padding-right : 0px !important;margin-right : 1.92%;padding-bottom : 0px !important;padding-left : 0px !important;margin-left : 1.92%;}@media only screen and (max-width:1024px) {.fusion-body .fusion-builder-column-0{width:100% !important;}.fusion-builder-column-0 > .fusion-column-wrapper {margin-right : 1.92%;margin-left : 1.92%;}}@media only screen and (max-width:640px) {.fusion-body .fusion-builder-column-0{width:100% !important;}.fusion-builder-column-0 > .fusion-column-wrapper {margin-right : 1.92%;margin-left : 1.92%;}}<\/style><\/div><\/div><style type=\"text\/css\">.fusion-body .fusion-flex-container.fusion-builder-row-1{ padding-top : 0px;margin-top : 0px;padding-right : 30px;padding-bottom : 0px;margin-bottom : 0px;padding-left : 30px;}<\/style><\/div>\n","protected":false},"excerpt":{"rendered":"[vc_row][vc_column][vc_column_text] Pol\u00edtica de Privacidade A ICDBR INTELIGENCIA EM CONSULTORIA E DESENVOLVIMENTO BR tem o compromisso de salvaguardar a sua privacidade. Contate-nos em dpo@icdbr.xyz se voc\u00ea tiver alguma d\u00favida ou problema com rela\u00e7\u00e3o ao uso de seus Dados Pessoais, teremos o prazer em atend\u00ea-lo. Ao utilizar este site ou \/ e nossos servi\u00e7os, voc\u00ea concorda com [...]","protected":false},"author":1,"featured_media":0,"parent":0,"menu_order":0,"comment_status":"closed","ping_status":"closed","template":"","meta":{"footnotes":""},"class_list":["post-1139","page","type-page","status-publish","hentry"],"_links":{"self":[{"href":"https:\/\/icdbr.xyz\/index.php\/wp-json\/wp\/v2\/pages\/1139","targetHints":{"allow":["GET"]}}],"collection":[{"href":"https:\/\/icdbr.xyz\/index.php\/wp-json\/wp\/v2\/pages"}],"about":[{"href":"https:\/\/icdbr.xyz\/index.php\/wp-json\/wp\/v2\/types\/page"}],"author":[{"embeddable":true,"href":"https:\/\/icdbr.xyz\/index.php\/wp-json\/wp\/v2\/users\/1"}],"replies":[{"embeddable":true,"href":"https:\/\/icdbr.xyz\/index.php\/wp-json\/wp\/v2\/comments?post=1139"}],"version-history":[{"count":7,"href":"https:\/\/icdbr.xyz\/index.php\/wp-json\/wp\/v2\/pages\/1139\/revisions"}],"predecessor-version":[{"id":1248,"href":"https:\/\/icdbr.xyz\/index.php\/wp-json\/wp\/v2\/pages\/1139\/revisions\/1248"}],"wp:attachment":[{"href":"https:\/\/icdbr.xyz\/index.php\/wp-json\/wp\/v2\/media?parent=1139"}],"curies":[{"name":"wp","href":"https:\/\/api.w.org\/{rel}","templated":true}]}}