{"id":1229,"date":"2021-07-30T16:01:21","date_gmt":"2021-07-30T19:01:21","guid":{"rendered":"https:\/\/icdbr.xyz\/?page_id=1229"},"modified":"2021-08-13T14:12:59","modified_gmt":"2021-08-13T17:12:59","slug":"termos-de-uso","status":"publish","type":"page","link":"https:\/\/icdbr.xyz\/index.php\/termos-de-uso\/","title":{"rendered":"Termos de Uso"},"content":{"rendered":"<div class=\"fusion-fullwidth fullwidth-box fusion-builder-row-1 fusion-flex-container fusion-parallax-none nonhundred-percent-fullwidth non-hundred-percent-height-scrolling lazyload\" style=\"background-color: rgba(255,255,255,0);background-position: center center;background-repeat: no-repeat;border-width: 0px 0px 0px 0px;border-color:#eae9e9;border-style:solid;-webkit-background-size:cover;-moz-background-size:cover;-o-background-size:cover;background-size:cover;\" data-bg=\"https:\/\/icdbr.xyz\/wp-content\/uploads\/2021\/07\/Fundo002.jpg\" ><div class=\"fusion-builder-row fusion-row fusion-flex-align-items-flex-start\" style=\"max-width:104%;margin-left: calc(-4% \/ 2 );margin-right: calc(-4% \/ 2 );\"><div class=\"fusion-layout-column fusion_builder_column fusion-builder-column-0 fusion_builder_column_3_4 3_4 fusion-flex-column\"><div class=\"fusion-column-wrapper fusion-flex-justify-content-flex-start fusion-content-layout-column\" style=\"background-position:left top;background-blend-mode: screen;background-repeat:no-repeat;-webkit-background-size:cover;-moz-background-size:cover;-o-background-size:cover;background-size:cover;padding: 0px 0px 0px 0px;\"><div class=\"fusion-text fusion-text-1\"><h3 data-fontsize=\"36\" data-lineheight=\"54px\" class=\"fusion-responsive-typography-calculated\" style=\"--fontSize:36; line-height: 1.5;\"><span style=\"color: #fbbc05;\"><strong>Termos de uso do site<\/strong><\/span><\/h3>\n<h3 data-fontsize=\"36\" data-lineheight=\"54px\" class=\"fusion-responsive-typography-calculated\" style=\"--fontSize:36; line-height: 1.5;\"><span style=\"color: #fbbc05;\"><strong>ICDBR<\/strong><\/span><\/h3>\n<p><span style=\"color: #ffffff;\"><strong>Antes que voc\u00ea comece a usufruir de nossos produtos e servi\u00e7os, queremos garantir que voc\u00ea entenda como nosso site funciona.<\/strong><\/span><\/p>\n<p><span style=\"color: #ffffff;\"><strong>Caso voc\u00ea continue a navegar e utilizar este site voc\u00ea est\u00e1 concordando em cumprir e sujeitar-se as presentes normas, que, juntamente com nossa pol\u00edtica de privacidade regem o relacionamento deste site com voc\u00ea.<\/strong><\/span><\/p>\n<p><span style=\"color: #ffffff;\"><strong>O conte\u00fado das p\u00e1ginas deste site \u00e9 para sua informa\u00e7\u00e3o geral e de uso apenas. S\u00f3 h\u00e1 coleta de dados a partir do envio de e-mail, conforme disposto em nossa pol\u00edtica de privacidade.<\/strong><\/span><\/p>\n<p><span style=\"color: #ffffff;\"><strong>Este site est\u00e1 sujeito a altera\u00e7\u00e3o sem aviso pr\u00e9vio.<\/strong><\/span><\/p>\n<p><span style=\"color: #ffffff;\"><strong>Este site cont\u00e9m material que \u00e9 de propriedade intelectual da ICDBR ou de parceiros, a sua reprodu\u00e7\u00e3o sem autoriza\u00e7\u00e3o \u00e9 proibida.<\/strong><\/span><\/p>\n<p><span style=\"color: #ffffff;\"><strong>Todas as marcas reproduzidas neste site que n\u00e3o s\u00e3o de nossa propriedade ou licenciadas, os operadores s\u00e3o reconhecidos no site.<\/strong><\/span><\/p>\n<p><span style=\"color: #ffffff;\"><strong>O uso n\u00e3o autorizado deste site poder\u00e1 dar origem a um pedido de indeniza\u00e7\u00e3o c\u00edvel, al\u00e9m de cometimento de infra\u00e7\u00e3o penal.<\/strong><\/span><\/p>\n<p><span style=\"color: #ffffff;\"><strong>De tempos em tempos este site tamb\u00e9m pode incluir links para outros sites. Esses links s\u00e3o fornecidos para sua conveni\u00eancia para obter mais informa\u00e7\u00f5es. Eles n\u00e3o significam que n\u00f3s endossamos o site (s). N\u00e3o nos responsabilizamos pelo conte\u00fado do site ligado(s).<\/strong><\/span><\/p>\n<p><strong style=\"font-family: var(--body_typography-font-family); font-size: var(--body_typography-font-size); font-style: var(--body_typography-font-style,normal); letter-spacing: var(--body_typography-letter-spacing); color: rgb(255, 255, 255); background-color: rgba(255, 255, 255, 0);\">Qualquer problema relacionado ao site ou \u00e0 privacidade e prote\u00e7\u00e3o de dados deve ser reportada \u00e0 nossa equipe atrav\u00e9s do e-mail: privacidade@icdbr.xyz, o nosso Data Protection Officer ter\u00e1 o maior prazer em te atender e sanar todas as suas d\u00favidas.<\/strong><\/p>\n<p><span style=\"color: #ffffff;\"><strong>Estes termos s\u00e3o efetivos a partir de 30 de julho de 2021.<\/strong><\/span><\/p>\n<p><span style=\"color: #ffffff;\"><strong>Abra\u00e7os.<\/strong><\/span><\/p>\n<p><span style=\"color: #ffffff;\"><strong>Equipe ICDBR.<\/strong><\/span><\/p>\n<\/div><\/div><style type=\"text\/css\">.fusion-body .fusion-builder-column-0{width:75% !important;margin-top : 0px;margin-bottom : 20px;}.fusion-builder-column-0 > .fusion-column-wrapper {padding-top : 0px !important;padding-right : 0px !important;margin-right : 2.56%;padding-bottom : 0px !important;padding-left : 0px !important;margin-left : 2.56%;}@media only screen and (max-width:1024px) {.fusion-body .fusion-builder-column-0{width:100% !important;order : 0;}.fusion-builder-column-0 > .fusion-column-wrapper {margin-right : 1.92%;margin-left : 1.92%;}}@media only screen and (max-width:640px) {.fusion-body .fusion-builder-column-0{width:100% !important;order : 0;}.fusion-builder-column-0 > .fusion-column-wrapper {margin-right : 1.92%;margin-left : 1.92%;}}<\/style><\/div><\/div><style type=\"text\/css\">.fusion-body .fusion-flex-container.fusion-builder-row-1{ padding-top : 0px;margin-top : 0px;padding-right : 30px;padding-bottom : 0px;margin-bottom : 0px;padding-left : 30px;}<\/style><\/div>\n","protected":false},"excerpt":{"rendered":"Termos de uso do site ICDBR Antes que voc\u00ea comece a usufruir de nossos produtos e servi\u00e7os, queremos garantir que voc\u00ea entenda como nosso site funciona. Caso voc\u00ea continue a navegar e utilizar este site voc\u00ea est\u00e1 concordando em cumprir e sujeitar-se as presentes normas, que, juntamente com nossa pol\u00edtica de privacidade regem o relacionamento [...]","protected":false},"author":1,"featured_media":0,"parent":0,"menu_order":0,"comment_status":"closed","ping_status":"closed","template":"","meta":{"footnotes":""},"class_list":["post-1229","page","type-page","status-publish","hentry"],"_links":{"self":[{"href":"https:\/\/icdbr.xyz\/index.php\/wp-json\/wp\/v2\/pages\/1229","targetHints":{"allow":["GET"]}}],"collection":[{"href":"https:\/\/icdbr.xyz\/index.php\/wp-json\/wp\/v2\/pages"}],"about":[{"href":"https:\/\/icdbr.xyz\/index.php\/wp-json\/wp\/v2\/types\/page"}],"author":[{"embeddable":true,"href":"https:\/\/icdbr.xyz\/index.php\/wp-json\/wp\/v2\/users\/1"}],"replies":[{"embeddable":true,"href":"https:\/\/icdbr.xyz\/index.php\/wp-json\/wp\/v2\/comments?post=1229"}],"version-history":[{"count":11,"href":"https:\/\/icdbr.xyz\/index.php\/wp-json\/wp\/v2\/pages\/1229\/revisions"}],"predecessor-version":[{"id":1247,"href":"https:\/\/icdbr.xyz\/index.php\/wp-json\/wp\/v2\/pages\/1229\/revisions\/1247"}],"wp:attachment":[{"href":"https:\/\/icdbr.xyz\/index.php\/wp-json\/wp\/v2\/media?parent=1229"}],"curies":[{"name":"wp","href":"https:\/\/api.w.org\/{rel}","templated":true}]}}